{"id":522,"date":"2021-09-02T10:00:47","date_gmt":"2021-09-02T07:00:47","guid":{"rendered":"https:\/\/testlnm.lt\/?post_type=product&#038;p=522"},"modified":"2026-04-01T11:44:49","modified_gmt":"2026-04-01T08:44:49","slug":"ignas-koncius-mano-eitasis-kelias","status":"publish","type":"product","link":"https:\/\/testlnm.lt\/en\/product\/ignas-koncius-mano-eitasis-kelias\/","title":{"rendered":"Ignas Kon\u010dius. The Path I Walked"},"content":{"rendered":"<p>This book features the memoirs of the renowned Lithuanian scientist and cultural figure Ignas Kon\u010dius (1886-1975), summarizing his activities. The first part presents autobiographical narratives that reveal the personality traits of I. Kon\u010dius and diversify his own work. The second part consists of ethnographic sketches about \u017demaitija, memories of the takeover of Vilnius University from the Poles in 1939, the evacuation of Lithuanian prisoners to \u010cerven\u0117 during World War II, and the activities of the Mutual Aid Organization from 1941 to 1944. The epilogue of the book features an interview with Prof. Ignas Kon\u010dius's son, Dr. Algirdas Kon\u010dius (1915-2006).<\/p>","protected":false},"excerpt":{"rendered":"<p>Ignas Kon\u010dius. The Path I Walked<\/p>\n<p>From the archive of the National Museum of Lithuania<\/p>\n<p>Vilnius, 2016. From the archive of the National Museum of Lithuania \u2013 17, 632 p., Lithuanian, ISSN 1648-2859; ISBN 978-609-8039-85-6<\/p>\n<p>Publication compilers: \u017dygintas B\u016b\u010dys, Algirdas Kon\u010dius, Birut\u0117 Kulnyt\u0117. Series' artist: Ar\u016bnas Prelgauskas. Editor: Daiva Staki\u0161aitien\u0117.<\/p>","protected":false},"featured_media":760,"template":"","meta":{"_acf_changed":false,"inline_featured_image":false},"product_brand":[],"product_cat":[75,23,19],"product_tag":[82,90],"class_list":{"0":"post-522","1":"product","2":"type-product","3":"status-publish","4":"has-post-thumbnail","6":"product_cat-biografijos","7":"product_cat-istorija","8":"product_cat-leidiniai","9":"product_tag-biografija","10":"product_tag-kiti","12":"first","13":"instock","14":"taxable","15":"shipping-taxable","16":"purchasable","17":"product-type-simple"},"acf":[],"_links":{"self":[{"href":"https:\/\/testlnm.lt\/en\/wp-json\/wp\/v2\/product\/522","targetHints":{"allow":["GET"]}}],"collection":[{"href":"https:\/\/testlnm.lt\/en\/wp-json\/wp\/v2\/product"}],"about":[{"href":"https:\/\/testlnm.lt\/en\/wp-json\/wp\/v2\/types\/product"}],"wp:featuredmedia":[{"embeddable":true,"href":"https:\/\/testlnm.lt\/en\/wp-json\/wp\/v2\/media\/760"}],"wp:attachment":[{"href":"https:\/\/testlnm.lt\/en\/wp-json\/wp\/v2\/media?parent=522"}],"wp:term":[{"taxonomy":"product_brand","embeddable":true,"href":"https:\/\/testlnm.lt\/en\/wp-json\/wp\/v2\/product_brand?post=522"},{"taxonomy":"product_cat","embeddable":true,"href":"https:\/\/testlnm.lt\/en\/wp-json\/wp\/v2\/product_cat?post=522"},{"taxonomy":"product_tag","embeddable":true,"href":"https:\/\/testlnm.lt\/en\/wp-json\/wp\/v2\/product_tag?post=522"}],"curies":[{"name":"wp","href":"https:\/\/api.w.org\/{rel}","templated":true}]}}