{"id":523,"date":"2021-09-02T09:30:11","date_gmt":"2021-09-02T06:30:11","guid":{"rendered":"https:\/\/testlnm.lt\/?post_type=product&#038;p=523"},"modified":"2026-04-01T11:44:49","modified_gmt":"2026-04-01T08:44:49","slug":"antanas-juknevicius-atsiminimai","status":"publish","type":"product","link":"https:\/\/testlnm.lt\/en\/product\/antanas-juknevicius-atsiminimai\/","title":{"rendered":"Antanas Juknevi\u010dius. Memoirs"},"content":{"rendered":"<p>In this book, the well-known Lithuanian lawyer from the Vilnius region, editor, and publisher of \"Jaunimo draugas\" (Youth Friend), Antanas Juknevi\u010dius, recounts his childhood, years of study, public activities during his student years, advocacy for the interests of Lithuanians in the Vilnius region, the occupation of Lithuania, life in refugee camps in Germany, and his involvement in Lithuanian-American organizations.<\/p>","protected":false},"excerpt":{"rendered":"<p>Antanas Juknevi\u010dius. Memoirs<\/p>\n<p>From the archive of the National Museum of Lithuania<\/p>\n<p>Vilnius, 2016. From the archive of the National Museum of Lithuania \u2013 16, 408 p., Lithuanian, ISSN 1648-2859; ISBN 978-609-8039-80-1<\/p>\n<p>Compiler: Dainora Juchnevi\u010di\u016bt\u0117-Vaivadien\u0117. Series' artist: Ar\u016bnas Prelgauskas. Editor: Daiva Staki\u0161aitien\u0117.<\/p>","protected":false},"featured_media":706,"template":"","meta":{"_acf_changed":false,"inline_featured_image":false},"product_brand":[],"product_cat":[75,19],"product_tag":[82,90],"class_list":{"0":"post-523","1":"product","2":"type-product","3":"status-publish","4":"has-post-thumbnail","6":"product_cat-biografijos","7":"product_cat-leidiniai","8":"product_tag-biografija","9":"product_tag-kiti","11":"first","12":"instock","13":"taxable","14":"shipping-taxable","15":"purchasable","16":"product-type-simple"},"acf":[],"_links":{"self":[{"href":"https:\/\/testlnm.lt\/en\/wp-json\/wp\/v2\/product\/523","targetHints":{"allow":["GET"]}}],"collection":[{"href":"https:\/\/testlnm.lt\/en\/wp-json\/wp\/v2\/product"}],"about":[{"href":"https:\/\/testlnm.lt\/en\/wp-json\/wp\/v2\/types\/product"}],"wp:featuredmedia":[{"embeddable":true,"href":"https:\/\/testlnm.lt\/en\/wp-json\/wp\/v2\/media\/706"}],"wp:attachment":[{"href":"https:\/\/testlnm.lt\/en\/wp-json\/wp\/v2\/media?parent=523"}],"wp:term":[{"taxonomy":"product_brand","embeddable":true,"href":"https:\/\/testlnm.lt\/en\/wp-json\/wp\/v2\/product_brand?post=523"},{"taxonomy":"product_cat","embeddable":true,"href":"https:\/\/testlnm.lt\/en\/wp-json\/wp\/v2\/product_cat?post=523"},{"taxonomy":"product_tag","embeddable":true,"href":"https:\/\/testlnm.lt\/en\/wp-json\/wp\/v2\/product_tag?post=523"}],"curies":[{"name":"wp","href":"https:\/\/api.w.org\/{rel}","templated":true}]}}