{"id":524,"date":"2021-09-02T09:29:49","date_gmt":"2021-09-02T06:29:49","guid":{"rendered":"https:\/\/testlnm.lt\/?post_type=product&#038;p=524"},"modified":"2026-04-17T09:21:07","modified_gmt":"2026-04-17T06:21:07","slug":"audrone-veilentiene-valdemaras-vytautas-carneckis-esu-savo-tevynes-patriotas","status":"publish","type":"product","link":"https:\/\/testlnm.lt\/en\/product\/audrone-veilentiene-valdemaras-vytautas-carneckis-esu-savo-tevynes-patriotas\/","title":{"rendered":"Audron\u0117 Veilentien\u0117. Valdemaras Vytautas \u010carneckis: \"I Am a Patriot for My Homeland\""},"content":{"rendered":"<p>Valdemaras Vytautas \u010carneckis (1893\u20131942), a politician, minister, and diplomat of independent Lithuania, was one of the founders of the state, its political life, diplomacy, and traditions. This monograph aims to demonstrate V. \u010carneckis's positions on key issues of Lithuanian foreign policy, reveal his role in decision-making, better understand his personality traits, contribute to the preservation of historical memory, and research into the history of Lithuania's statehood and diplomacy. Through the personality of V. \u010carneckis, the book sheds light on the problems of state restoration, the vicissitudes of international recognition, the defense of state interests, occupation, and its consequences.<\/p>","protected":false},"excerpt":{"rendered":"<p>Audron\u0117 Veilentien\u0117. Valdemaras Vytautas \u010carneckis: \"I Am a Patriot for My Homeland\"<\/p>\n<p>From the archive of the National Museum of Lithuania<\/p>\n<p>Vilnius, 2016. From the archive of the National Museum of Lithuania \u2013 15, 416 p., Lithuanian., ISSN 1648-2859; ISBN 978-609-8039-78-8<\/p>\n<p>Series' artist: Ar\u016bnas Prelgauskas. Editor: Daiva Staki\u0161aitien\u0117.<\/p>","protected":false},"featured_media":752,"template":"","meta":{"_acf_changed":false,"inline_featured_image":false},"product_brand":[],"product_cat":[75,23,19],"product_tag":[82,80],"class_list":{"0":"post-524","1":"product","2":"type-product","3":"status-publish","4":"has-post-thumbnail","6":"product_cat-biografijos","7":"product_cat-istorija","8":"product_cat-leidiniai","9":"product_tag-biografija","10":"product_tag-istorija","12":"first","13":"instock","14":"taxable","15":"shipping-taxable","16":"purchasable","17":"product-type-simple"},"acf":[],"_links":{"self":[{"href":"https:\/\/testlnm.lt\/en\/wp-json\/wp\/v2\/product\/524","targetHints":{"allow":["GET"]}}],"collection":[{"href":"https:\/\/testlnm.lt\/en\/wp-json\/wp\/v2\/product"}],"about":[{"href":"https:\/\/testlnm.lt\/en\/wp-json\/wp\/v2\/types\/product"}],"wp:featuredmedia":[{"embeddable":true,"href":"https:\/\/testlnm.lt\/en\/wp-json\/wp\/v2\/media\/752"}],"wp:attachment":[{"href":"https:\/\/testlnm.lt\/en\/wp-json\/wp\/v2\/media?parent=524"}],"wp:term":[{"taxonomy":"product_brand","embeddable":true,"href":"https:\/\/testlnm.lt\/en\/wp-json\/wp\/v2\/product_brand?post=524"},{"taxonomy":"product_cat","embeddable":true,"href":"https:\/\/testlnm.lt\/en\/wp-json\/wp\/v2\/product_cat?post=524"},{"taxonomy":"product_tag","embeddable":true,"href":"https:\/\/testlnm.lt\/en\/wp-json\/wp\/v2\/product_tag?post=524"}],"curies":[{"name":"wp","href":"https:\/\/api.w.org\/{rel}","templated":true}]}}