{"id":525,"date":"2021-09-02T09:10:53","date_gmt":"2021-09-02T06:10:53","guid":{"rendered":"https:\/\/testlnm.lt\/?post_type=product&#038;p=525"},"modified":"2026-04-01T11:44:50","modified_gmt":"2026-04-01T08:44:50","slug":"vytautas-pleckaitis-nepriklausomybes-akto-signataras-jurgis-saulys","status":"publish","type":"product","link":"https:\/\/testlnm.lt\/en\/product\/vytautas-pleckaitis-nepriklausomybes-akto-signataras-jurgis-saulys\/","title":{"rendered":"Vytautas Ple\u010dkaitis. Jurgis \u0160aulys, signatory of the Act of Independence"},"content":{"rendered":"<p>This book about the signatory of the Act of Independence of February 16th, Dr. Jurgis \u0160aulys (1879\u20131948), is dedicated to everyone interested in the history of their nation and state. Jurgis \u0160aulys was a journalist, press worker, standing at the origins of the Lithuanian Democratic Party, the first diplomat of independent Lithuania \u2013 envoy to Germany, later to Italy, to the Holy See, Poland, and Switzerland. He was an active public figure, bibliophile, member of many cultural and scientific societies, and a member of the Masonic lodge \"Lietuva.\" He was referred to by his contemporaries as erudite and a statesman.<\/p>","protected":false},"excerpt":{"rendered":"<p>Vytautas Ple\u010dkaitis. Jurgis \u0160aulys, signatory of the Act of Independence<\/p>\n<p>From the archive of the National Museum of Lithuania<\/p>\n<p>Vilnius, 2015. From the archive of the National Museum \u2013 14, 288 p., Lithuanian., ISSN 1648-2859; ISBN 978-609-8039-74-0.<\/p>\n<p>Artist: Ar\u016bnas Prelgauskas. Editor: Nijol\u0117 Deveikien\u0117.<\/p>","protected":false},"featured_media":707,"template":"","meta":{"_acf_changed":false,"inline_featured_image":false},"product_brand":[],"product_cat":[75,23,19],"product_tag":[82,80,81],"class_list":{"0":"post-525","1":"product","2":"type-product","3":"status-publish","4":"has-post-thumbnail","6":"product_cat-biografijos","7":"product_cat-istorija","8":"product_cat-leidiniai","9":"product_tag-biografija","10":"product_tag-istorija","11":"product_tag-signataras","13":"first","14":"instock","15":"taxable","16":"shipping-taxable","17":"purchasable","18":"product-type-simple"},"acf":[],"_links":{"self":[{"href":"https:\/\/testlnm.lt\/en\/wp-json\/wp\/v2\/product\/525","targetHints":{"allow":["GET"]}}],"collection":[{"href":"https:\/\/testlnm.lt\/en\/wp-json\/wp\/v2\/product"}],"about":[{"href":"https:\/\/testlnm.lt\/en\/wp-json\/wp\/v2\/types\/product"}],"wp:featuredmedia":[{"embeddable":true,"href":"https:\/\/testlnm.lt\/en\/wp-json\/wp\/v2\/media\/707"}],"wp:attachment":[{"href":"https:\/\/testlnm.lt\/en\/wp-json\/wp\/v2\/media?parent=525"}],"wp:term":[{"taxonomy":"product_brand","embeddable":true,"href":"https:\/\/testlnm.lt\/en\/wp-json\/wp\/v2\/product_brand?post=525"},{"taxonomy":"product_cat","embeddable":true,"href":"https:\/\/testlnm.lt\/en\/wp-json\/wp\/v2\/product_cat?post=525"},{"taxonomy":"product_tag","embeddable":true,"href":"https:\/\/testlnm.lt\/en\/wp-json\/wp\/v2\/product_tag?post=525"}],"curies":[{"name":"wp","href":"https:\/\/api.w.org\/{rel}","templated":true}]}}