{"id":526,"date":"2021-09-01T19:24:46","date_gmt":"2021-09-01T16:24:46","guid":{"rendered":"https:\/\/testlnm.lt\/?post_type=product&#038;p=526"},"modified":"2026-04-17T09:21:09","modified_gmt":"2026-04-17T06:21:09","slug":"povilas-barsys-vasario-16-osios-akto-signataras-saliamonas-banaitis","status":"publish","type":"product","link":"https:\/\/testlnm.lt\/en\/product\/povilas-barsys-vasario-16-osios-akto-signataras-saliamonas-banaitis\/","title":{"rendered":"Povilas Bar\u0161ys. Saliamonas Banaitis, signatory of the Act of February 16th"},"content":{"rendered":"<p>This book narrates, in a popular style using documents and memoirs, the story of Saliamonas Banaitis, one of the signatories of the Act of Independence on February 16, 1918. Banaitis was a printer, social activist, promoter of Lithuanian culture, farmer, and businessman.<\/p>","protected":false},"excerpt":{"rendered":"<p>Povilas Bar\u0161ys. Saliamonas Banaitis, signatory of the Act of February 16th<\/p>\n<p>From the archive of the National Museum of Lithuania<\/p>\n<p>Vilnius, 2015. From the archive of the National Museum of Lithuania \u2013 13, 104 p. Lithuanian, ISSN 1648-2859; ISBN 978-609-8039-63-4.<\/p>\n<p>Series' artist: Ar\u016bnas Prelgauskas. Editor: Daiva Staki\u0161aitien\u0117.<\/p>","protected":false},"featured_media":560,"template":"","meta":{"_acf_changed":false,"inline_featured_image":false},"product_brand":[],"product_cat":[75,23,19],"product_tag":[82,80,81],"class_list":{"0":"post-526","1":"product","2":"type-product","3":"status-publish","4":"has-post-thumbnail","6":"product_cat-biografijos","7":"product_cat-istorija","8":"product_cat-leidiniai","9":"product_tag-biografija","10":"product_tag-istorija","11":"product_tag-signataras","13":"first","14":"instock","15":"taxable","16":"shipping-taxable","17":"purchasable","18":"product-type-simple"},"acf":[],"_links":{"self":[{"href":"https:\/\/testlnm.lt\/en\/wp-json\/wp\/v2\/product\/526","targetHints":{"allow":["GET"]}}],"collection":[{"href":"https:\/\/testlnm.lt\/en\/wp-json\/wp\/v2\/product"}],"about":[{"href":"https:\/\/testlnm.lt\/en\/wp-json\/wp\/v2\/types\/product"}],"wp:featuredmedia":[{"embeddable":true,"href":"https:\/\/testlnm.lt\/en\/wp-json\/wp\/v2\/media\/560"}],"wp:attachment":[{"href":"https:\/\/testlnm.lt\/en\/wp-json\/wp\/v2\/media?parent=526"}],"wp:term":[{"taxonomy":"product_brand","embeddable":true,"href":"https:\/\/testlnm.lt\/en\/wp-json\/wp\/v2\/product_brand?post=526"},{"taxonomy":"product_cat","embeddable":true,"href":"https:\/\/testlnm.lt\/en\/wp-json\/wp\/v2\/product_cat?post=526"},{"taxonomy":"product_tag","embeddable":true,"href":"https:\/\/testlnm.lt\/en\/wp-json\/wp\/v2\/product_tag?post=526"}],"curies":[{"name":"wp","href":"https:\/\/api.w.org\/{rel}","templated":true}]}}