{"id":528,"date":"2021-09-01T18:51:49","date_gmt":"2021-09-01T15:51:49","guid":{"rendered":"https:\/\/testlnm.lt\/?post_type=product&#038;p=528"},"modified":"2026-04-01T11:44:55","modified_gmt":"2026-04-01T08:44:55","slug":"kazimieras-nainys-gyvenimo-metrastis","status":"publish","type":"product","link":"https:\/\/testlnm.lt\/en\/product\/kazimieras-nainys-gyvenimo-metrastis\/","title":{"rendered":"Kazimieras Nainys. Chronicle of a Lifetime"},"content":{"rendered":"<p>The memoirs of Kazimieras Nainys, son of a farmer from Pa\u0161vitinys region, who grew up in Independent Lithuania and became involved in patriotic activities, are personal but reflect the crucial path of all patriotic Lithuanian intelligentsia layers from the adoption of the Act of Independence of Lithuania by the Council of Lithuania on February 16, 1918, to June 1941 when thousands of Lithuanians were deported to camps. It serves as a chrestomathy of the fate of Soviet-occupied Lithuania and its citizens.<\/p>","protected":false},"excerpt":{"rendered":"<p>Kazimieras Nainys. Chronicle of a Lifetime<\/p>\n<p>From the archive of the National Museum of Lithuania<\/p>\n<p>Vilnius, 2013. From the archive of the National Museum of Lithuania \u2013 12, 192 p., Lithuanian ., ISSN 1648-2859; ISBN 978-609-8039-42-9.<\/p>\n<p>Prepared for publication: Irena Mikuli\u010dien\u0117. Artist: Ar\u016bnas Prelgauskas. Editor: Daiva Staki\u0161aitien\u0117.<\/p>","protected":false},"featured_media":708,"template":"","meta":{"_acf_changed":false,"inline_featured_image":false},"product_brand":[],"product_cat":[177,75,23,19],"product_tag":[82,80],"class_list":{"0":"post-528","1":"product","2":"type-product","3":"status-publish","4":"has-post-thumbnail","6":"product_cat-apie-tremti","7":"product_cat-biografijos","8":"product_cat-istorija","9":"product_cat-leidiniai","10":"product_tag-biografija","11":"product_tag-istorija","13":"first","14":"instock","15":"taxable","16":"shipping-taxable","17":"purchasable","18":"product-type-simple"},"acf":[],"_links":{"self":[{"href":"https:\/\/testlnm.lt\/en\/wp-json\/wp\/v2\/product\/528","targetHints":{"allow":["GET"]}}],"collection":[{"href":"https:\/\/testlnm.lt\/en\/wp-json\/wp\/v2\/product"}],"about":[{"href":"https:\/\/testlnm.lt\/en\/wp-json\/wp\/v2\/types\/product"}],"wp:featuredmedia":[{"embeddable":true,"href":"https:\/\/testlnm.lt\/en\/wp-json\/wp\/v2\/media\/708"}],"wp:attachment":[{"href":"https:\/\/testlnm.lt\/en\/wp-json\/wp\/v2\/media?parent=528"}],"wp:term":[{"taxonomy":"product_brand","embeddable":true,"href":"https:\/\/testlnm.lt\/en\/wp-json\/wp\/v2\/product_brand?post=528"},{"taxonomy":"product_cat","embeddable":true,"href":"https:\/\/testlnm.lt\/en\/wp-json\/wp\/v2\/product_cat?post=528"},{"taxonomy":"product_tag","embeddable":true,"href":"https:\/\/testlnm.lt\/en\/wp-json\/wp\/v2\/product_tag?post=528"}],"curies":[{"name":"wp","href":"https:\/\/api.w.org\/{rel}","templated":true}]}}