{"id":529,"date":"2021-09-01T18:50:33","date_gmt":"2021-09-01T15:50:33","guid":{"rendered":"https:\/\/testlnm.lt\/?post_type=product&#038;p=529"},"modified":"2026-04-17T09:21:12","modified_gmt":"2026-04-17T06:21:12","slug":"stalino-gniauztuose-brones-pajedaites-petrauskienes-atsiminimai-apie-tremti-antano-ir-vlado-pajedu-laiskai-is-lagerio","status":"publish","type":"product","link":"https:\/\/testlnm.lt\/en\/product\/stalino-gniauztuose-brones-pajedaites-petrauskienes-atsiminimai-apie-tremti-antano-ir-vlado-pajedu-laiskai-is-lagerio\/","title":{"rendered":"Under Stalin's Boot: Bron\u0117s Pajedait\u0117s-Petrauskien\u0117s memories of exile. Letters from Antanas and Vladas Paj\u0117dai from the Labour Camp"},"content":{"rendered":"<p>The book presents memoirs and letters from labor camps, recounting the history of an ordinary Lithuanian farmer's family and revealing its fate during political upheavals. The texts are authentic, preserving the language and style of the time, including dialects and colloquialisms.<\/p>","protected":false},"excerpt":{"rendered":"<p>Under Stalin's Boot: Bron\u0117s Pajedait\u0117s-Petrauskien\u0117s memories of exile. Letters from Antanas and Vladas Paj\u0117dai from the Labour Camp<\/p>\n<p>From the archive of the National Museum of Lithuania<\/p>\n<p>Vilnius, 2013. From the archive of the National Museum of Lithuania \u2013 11, 136 p., Lithuanian, ISSN 1648-2859; ISBN 978-609-8039-37-5.<\/p>\n<p>Artist: Ar\u016bnas Prelgauskas. Editor: Nijol\u0117 Deveikien\u0117.<\/p>","protected":false},"featured_media":607,"template":"","meta":{"_acf_changed":false,"inline_featured_image":false},"product_brand":[],"product_cat":[177,75,23,19],"product_tag":[82,80],"class_list":{"0":"post-529","1":"product","2":"type-product","3":"status-publish","4":"has-post-thumbnail","6":"product_cat-apie-tremti","7":"product_cat-biografijos","8":"product_cat-istorija","9":"product_cat-leidiniai","10":"product_tag-biografija","11":"product_tag-istorija","13":"first","14":"instock","15":"taxable","16":"shipping-taxable","17":"purchasable","18":"product-type-simple"},"acf":[],"_links":{"self":[{"href":"https:\/\/testlnm.lt\/en\/wp-json\/wp\/v2\/product\/529","targetHints":{"allow":["GET"]}}],"collection":[{"href":"https:\/\/testlnm.lt\/en\/wp-json\/wp\/v2\/product"}],"about":[{"href":"https:\/\/testlnm.lt\/en\/wp-json\/wp\/v2\/types\/product"}],"wp:featuredmedia":[{"embeddable":true,"href":"https:\/\/testlnm.lt\/en\/wp-json\/wp\/v2\/media\/607"}],"wp:attachment":[{"href":"https:\/\/testlnm.lt\/en\/wp-json\/wp\/v2\/media?parent=529"}],"wp:term":[{"taxonomy":"product_brand","embeddable":true,"href":"https:\/\/testlnm.lt\/en\/wp-json\/wp\/v2\/product_brand?post=529"},{"taxonomy":"product_cat","embeddable":true,"href":"https:\/\/testlnm.lt\/en\/wp-json\/wp\/v2\/product_cat?post=529"},{"taxonomy":"product_tag","embeddable":true,"href":"https:\/\/testlnm.lt\/en\/wp-json\/wp\/v2\/product_tag?post=529"}],"curies":[{"name":"wp","href":"https:\/\/api.w.org\/{rel}","templated":true}]}}