{"id":530,"date":"2021-09-01T17:50:10","date_gmt":"2021-09-01T14:50:10","guid":{"rendered":"https:\/\/testlnm.lt\/?post_type=product&#038;p=530"},"modified":"2026-04-17T09:21:13","modified_gmt":"2026-04-17T06:21:13","slug":"vladas-terleckas-jonas-vailokaitis-gyvenimo-ir-veiklos-bruozai","status":"publish","type":"product","link":"https:\/\/testlnm.lt\/en\/product\/vladas-terleckas-jonas-vailokaitis-gyvenimo-ir-veiklos-bruozai\/","title":{"rendered":"Vladas Terleckas. Jonas Vailokaitis: Characteristics of life and work"},"content":{"rendered":"<p>The book introduces the activities and personality of Jonas Vailokaitis, a signatory of the Lithuanian Act of Independence, a member of the Lithuanian State Council, a representative of the Constituent Seimas, an economist and banker. The biographical information is supplemented by extensive iconographic material.<\/p>","protected":false},"excerpt":{"rendered":"<p>Vladas Terleckas. Jonas Vailokaitis: Characteristics of life and work<\/p>\n<p>From the archive of the National Museum of Lithuania<\/p>\n<p>Vilnius, 2011. I\u0161 Lietuvos nacionalinio muziejaus archyvo \u2013 10, 128 p., lietuvi\u0173 k., ISSN 1648-2859; ISBN 978-609-8039-14-6.<\/p>\n<p>Artist: Ar\u016bnas Prelgauskas. Editor: Nijol\u0117 Deveikien\u0117.<\/p>\n<p>&nbsp;<\/p>","protected":false},"featured_media":4301,"template":"","meta":{"_acf_changed":false,"inline_featured_image":false},"product_brand":[],"product_cat":[75,23,19],"product_tag":[82,80,81],"class_list":{"0":"post-530","1":"product","2":"type-product","3":"status-publish","4":"has-post-thumbnail","6":"product_cat-biografijos","7":"product_cat-istorija","8":"product_cat-leidiniai","9":"product_tag-biografija","10":"product_tag-istorija","11":"product_tag-signataras","13":"first","14":"instock","15":"taxable","16":"shipping-taxable","17":"purchasable","18":"product-type-simple"},"acf":[],"_links":{"self":[{"href":"https:\/\/testlnm.lt\/en\/wp-json\/wp\/v2\/product\/530","targetHints":{"allow":["GET"]}}],"collection":[{"href":"https:\/\/testlnm.lt\/en\/wp-json\/wp\/v2\/product"}],"about":[{"href":"https:\/\/testlnm.lt\/en\/wp-json\/wp\/v2\/types\/product"}],"wp:featuredmedia":[{"embeddable":true,"href":"https:\/\/testlnm.lt\/en\/wp-json\/wp\/v2\/media\/4301"}],"wp:attachment":[{"href":"https:\/\/testlnm.lt\/en\/wp-json\/wp\/v2\/media?parent=530"}],"wp:term":[{"taxonomy":"product_brand","embeddable":true,"href":"https:\/\/testlnm.lt\/en\/wp-json\/wp\/v2\/product_brand?post=530"},{"taxonomy":"product_cat","embeddable":true,"href":"https:\/\/testlnm.lt\/en\/wp-json\/wp\/v2\/product_cat?post=530"},{"taxonomy":"product_tag","embeddable":true,"href":"https:\/\/testlnm.lt\/en\/wp-json\/wp\/v2\/product_tag?post=530"}],"curies":[{"name":"wp","href":"https:\/\/api.w.org\/{rel}","templated":true}]}}