{"id":531,"date":"2021-09-01T17:37:48","date_gmt":"2021-09-01T14:37:48","guid":{"rendered":"https:\/\/testlnm.lt\/?post_type=product&#038;p=531"},"modified":"2026-04-17T09:21:14","modified_gmt":"2026-04-17T06:21:14","slug":"vytas-urbonas-stasys-silingas-gyvenimas-tautai-ir-valstybei","status":"publish","type":"product","link":"https:\/\/testlnm.lt\/en\/product\/vytas-urbonas-stasys-silingas-gyvenimas-tautai-ir-valstybei\/","title":{"rendered":"Vytas Urbonas, Stasys \u0160ilingas: Living for Nation and State."},"content":{"rendered":"<p>Stasys \u0160ilingas, the longtime Chairman of the Council of Lithuania, Minister of Justice, organizer and leader of many public societies and unions, was actively involved in the public activities of Lithuanian students in his youth, collaborated in the press, and edited several journals and newspapers. The book is based on essays published by S. \u0160ilingas in the press, sparse letters written to artists, writers, and media collaborators, as well as letters from exile. Additionally, the publication used laws and other legal acts published in the Government Gazette, documents stored in Lithuanian archives, letters, essays, and memoirs of public and political figures of that time.<br \/>\nThe book attempts to provide a broader and more detailed introduction to the undeservedly forgotten figure of Stasys \u0160ilingas, a politician and public figure of Independent Lithuania. It aims to highlight the most significant moments of his meaningful life and tragic fate, revealing the main features of his public, political, journalistic, and cultural activities.<\/p>","protected":false},"excerpt":{"rendered":"<p>Vytas Urbonas, Stasys \u0160ilingas: Living for Nation and State.<\/p>\n<p>From the archive of the National Museum of Lithuania<\/p>\n<p>Vilnius, 2010. From the archive of the National Museum of Lithuania \u2013 9, 254 p., Lithuanian, ISSN 1648-2859; ISBN 978-609-8039-07-8.<\/p>\n<p>Artist: Ar\u016bnas Prelgauskas. Editor: Nijol\u0117 Deveikien\u0117.<\/p>","protected":false},"featured_media":616,"template":"","meta":{"_acf_changed":false,"inline_featured_image":false},"product_brand":[],"product_cat":[75,23,19],"product_tag":[82,80],"class_list":{"0":"post-531","1":"product","2":"type-product","3":"status-publish","4":"has-post-thumbnail","6":"product_cat-biografijos","7":"product_cat-istorija","8":"product_cat-leidiniai","9":"product_tag-biografija","10":"product_tag-istorija","12":"first","13":"instock","14":"taxable","15":"shipping-taxable","16":"purchasable","17":"product-type-simple"},"acf":[],"_links":{"self":[{"href":"https:\/\/testlnm.lt\/en\/wp-json\/wp\/v2\/product\/531","targetHints":{"allow":["GET"]}}],"collection":[{"href":"https:\/\/testlnm.lt\/en\/wp-json\/wp\/v2\/product"}],"about":[{"href":"https:\/\/testlnm.lt\/en\/wp-json\/wp\/v2\/types\/product"}],"wp:featuredmedia":[{"embeddable":true,"href":"https:\/\/testlnm.lt\/en\/wp-json\/wp\/v2\/media\/616"}],"wp:attachment":[{"href":"https:\/\/testlnm.lt\/en\/wp-json\/wp\/v2\/media?parent=531"}],"wp:term":[{"taxonomy":"product_brand","embeddable":true,"href":"https:\/\/testlnm.lt\/en\/wp-json\/wp\/v2\/product_brand?post=531"},{"taxonomy":"product_cat","embeddable":true,"href":"https:\/\/testlnm.lt\/en\/wp-json\/wp\/v2\/product_cat?post=531"},{"taxonomy":"product_tag","embeddable":true,"href":"https:\/\/testlnm.lt\/en\/wp-json\/wp\/v2\/product_tag?post=531"}],"curies":[{"name":"wp","href":"https:\/\/api.w.org\/{rel}","templated":true}]}}