{"id":535,"date":"2021-09-01T14:30:06","date_gmt":"2021-09-01T11:30:06","guid":{"rendered":"https:\/\/testlnm.lt\/?post_type=product&#038;p=535"},"modified":"2026-04-01T11:45:01","modified_gmt":"2026-04-01T08:45:01","slug":"mindaugas-markevicius-tremties-kelias","status":"publish","type":"product","link":"https:\/\/testlnm.lt\/en\/product\/mindaugas-markevicius-tremties-kelias\/","title":{"rendered":"Mindaugas Markevi\u010dius. The Path of Exile"},"content":{"rendered":"<p>Before the war, the most massive campaign to crack down on the Lithuanian population was carried out on June 14\u201318, 1941. In June 1942, about 2.3 thousand Lithuanian exiles from the Altai Territory were transported to the Arctic, to the Laptev Sea. The richly illustrated book contains photographs of the icy captivity and days of suffering, as well as other archival material, collected by the compiler of the publication, Mindaugas Markevi\u010dius and his wife Aldona, from the Laptev brothers-in-arms.<\/p>","protected":false},"excerpt":{"rendered":"<p>Mindaugas Markevi\u010dius. The Path of Exile<\/p>\n<p>From the archive of the National Museum of Lithuania<\/p>\n<p>Vilnius, 2006. I\u0161 Lietuvos nacionalinio muziejaus archyvo \u2013 4, 216 p., lietuvi\u0173 k., ISSN 1648-2859; ISBN 9955-415-58-4.<\/p>\n<p>Artist: Ar\u016bnas Prelgauskas. Editor: Nijol\u0117 Deveikien\u0117.<\/p>","protected":false},"featured_media":712,"template":"","meta":{"_acf_changed":false,"inline_featured_image":false},"product_brand":[],"product_cat":[75,23,19],"product_tag":[82,80,101],"class_list":{"0":"post-535","1":"product","2":"type-product","3":"status-publish","4":"has-post-thumbnail","6":"product_cat-biografijos","7":"product_cat-istorija","8":"product_cat-leidiniai","9":"product_tag-biografija","10":"product_tag-istorija","11":"product_tag-tremtis","13":"first","14":"instock","15":"taxable","16":"shipping-taxable","17":"purchasable","18":"product-type-simple"},"acf":[],"_links":{"self":[{"href":"https:\/\/testlnm.lt\/en\/wp-json\/wp\/v2\/product\/535","targetHints":{"allow":["GET"]}}],"collection":[{"href":"https:\/\/testlnm.lt\/en\/wp-json\/wp\/v2\/product"}],"about":[{"href":"https:\/\/testlnm.lt\/en\/wp-json\/wp\/v2\/types\/product"}],"wp:featuredmedia":[{"embeddable":true,"href":"https:\/\/testlnm.lt\/en\/wp-json\/wp\/v2\/media\/712"}],"wp:attachment":[{"href":"https:\/\/testlnm.lt\/en\/wp-json\/wp\/v2\/media?parent=535"}],"wp:term":[{"taxonomy":"product_brand","embeddable":true,"href":"https:\/\/testlnm.lt\/en\/wp-json\/wp\/v2\/product_brand?post=535"},{"taxonomy":"product_cat","embeddable":true,"href":"https:\/\/testlnm.lt\/en\/wp-json\/wp\/v2\/product_cat?post=535"},{"taxonomy":"product_tag","embeddable":true,"href":"https:\/\/testlnm.lt\/en\/wp-json\/wp\/v2\/product_tag?post=535"}],"curies":[{"name":"wp","href":"https:\/\/api.w.org\/{rel}","templated":true}]}}