{"id":543,"date":"2021-09-01T13:35:47","date_gmt":"2021-09-01T10:35:47","guid":{"rendered":"https:\/\/testlnm.lt\/?post_type=product&#038;p=543"},"modified":"2026-04-01T11:45:02","modified_gmt":"2026-04-01T08:45:02","slug":"vilniaus-fotografai","status":"publish","type":"product","link":"https:\/\/testlnm.lt\/en\/product\/vilniaus-fotografai\/","title":{"rendered":"Vilnius' Photographers"},"content":{"rendered":"<p>In 2001, a comprehensive program was launched to present the extensive and valuable photographic legacy of Vilnius. This program included five exhibitions and an international conference. During the 4th international conference organized by the museum, historians and art researchers from Lithuania, Poland, Russia, and Belarus reviewed the collections of Vilnius photography, analyzed the activities of Vilnius photographers, introduced the latest research results, and published new findings. The publication contains the material from the conference.<\/p>","protected":false},"excerpt":{"rendered":"<p>Vilnius' Photographers<\/p>\n<p>Library of the National Museum of Lithuania<\/p>\n<p>International conference of the history of Lithuanian photography. Vilnius, 2005. Library of the National Museum of Lithuania \u2013 14, 316 p., Lithuanian, ISBN 9955-415-45-2.<\/p>\n<p>Compiler: Vitalija Jo\u010dyt\u0117. Artist: Eugenijus Karpavi\u010dius. Layout designer: Edita Gu\u017eait\u0117.<\/p>","protected":false},"featured_media":719,"template":"","meta":{"_acf_changed":false,"inline_featured_image":false},"product_brand":[],"product_cat":[25,71,19],"product_tag":[114,88,87],"class_list":{"0":"post-543","1":"product","2":"type-product","3":"status-publish","4":"has-post-thumbnail","6":"product_cat-apie-vilniu","7":"product_cat-fotografiju-albumai","8":"product_cat-leidiniai","9":"product_tag-fotografija","10":"product_tag-fotografiju-albumai","11":"product_tag-vilnius","13":"first","14":"outofstock","15":"taxable","16":"shipping-taxable","17":"purchasable","18":"product-type-simple"},"acf":[],"_links":{"self":[{"href":"https:\/\/testlnm.lt\/en\/wp-json\/wp\/v2\/product\/543","targetHints":{"allow":["GET"]}}],"collection":[{"href":"https:\/\/testlnm.lt\/en\/wp-json\/wp\/v2\/product"}],"about":[{"href":"https:\/\/testlnm.lt\/en\/wp-json\/wp\/v2\/types\/product"}],"wp:featuredmedia":[{"embeddable":true,"href":"https:\/\/testlnm.lt\/en\/wp-json\/wp\/v2\/media\/719"}],"wp:attachment":[{"href":"https:\/\/testlnm.lt\/en\/wp-json\/wp\/v2\/media?parent=543"}],"wp:term":[{"taxonomy":"product_brand","embeddable":true,"href":"https:\/\/testlnm.lt\/en\/wp-json\/wp\/v2\/product_brand?post=543"},{"taxonomy":"product_cat","embeddable":true,"href":"https:\/\/testlnm.lt\/en\/wp-json\/wp\/v2\/product_cat?post=543"},{"taxonomy":"product_tag","embeddable":true,"href":"https:\/\/testlnm.lt\/en\/wp-json\/wp\/v2\/product_tag?post=543"}],"curies":[{"name":"wp","href":"https:\/\/api.w.org\/{rel}","templated":true}]}}