{"id":578,"date":"2021-09-01T19:14:09","date_gmt":"2021-09-01T16:14:09","guid":{"rendered":"https:\/\/testlnm.lt\/?post_type=product&#038;p=578"},"modified":"2026-04-01T11:44:52","modified_gmt":"2026-04-01T08:44:52","slug":"etnografija-20-metrastis-2010","status":"publish","type":"product","link":"https:\/\/testlnm.lt\/en\/product\/etnografija-20-metrastis-2010\/","title":{"rendered":"Ethnography 20, Yearbook for 2010"},"content":{"rendered":"<p>This Ethnography Yearbook was prepared in collaboration with the Department of Ethnology at the Lithuanian Institute of History. The majority of the texts consist of presentations delivered at the conference \"Ethnology: History, Present, and Perspectives,\" commemorating the 100th anniversary of Professor Pran\u0117 Dundulien\u0117's birth.<\/p>\n<p>&nbsp;<\/p>","protected":false},"excerpt":{"rendered":"<p>Ethnography 20, Yearbook for 2010<\/p>\n<p>Yearbook \"Ethnography\"<\/p>\n<p>Vilnius, 2014. 184 p., Lithuanian, summary in English, ISSN 1648-4835.<\/p>\n<p>Publication compilers: Elvyda Lazauskait\u0117 and \u017dilvytis \u0160aknys. Layout designer: Edita Gu\u017eait\u0117. Editor: Maryt\u0117 Slu\u0161inskait\u0117.<\/p>","protected":false},"featured_media":580,"template":"","meta":{"_acf_changed":false,"inline_featured_image":false},"product_brand":[],"product_cat":[70,19],"product_tag":[79],"class_list":{"0":"post-578","1":"product","2":"type-product","3":"status-publish","4":"has-post-thumbnail","6":"product_cat-etnografija","7":"product_cat-leidiniai","8":"product_tag-etnografija","10":"first","11":"instock","12":"taxable","13":"shipping-taxable","14":"purchasable","15":"product-type-simple"},"acf":[],"_links":{"self":[{"href":"https:\/\/testlnm.lt\/en\/wp-json\/wp\/v2\/product\/578","targetHints":{"allow":["GET"]}}],"collection":[{"href":"https:\/\/testlnm.lt\/en\/wp-json\/wp\/v2\/product"}],"about":[{"href":"https:\/\/testlnm.lt\/en\/wp-json\/wp\/v2\/types\/product"}],"wp:featuredmedia":[{"embeddable":true,"href":"https:\/\/testlnm.lt\/en\/wp-json\/wp\/v2\/media\/580"}],"wp:attachment":[{"href":"https:\/\/testlnm.lt\/en\/wp-json\/wp\/v2\/media?parent=578"}],"wp:term":[{"taxonomy":"product_brand","embeddable":true,"href":"https:\/\/testlnm.lt\/en\/wp-json\/wp\/v2\/product_brand?post=578"},{"taxonomy":"product_cat","embeddable":true,"href":"https:\/\/testlnm.lt\/en\/wp-json\/wp\/v2\/product_cat?post=578"},{"taxonomy":"product_tag","embeddable":true,"href":"https:\/\/testlnm.lt\/en\/wp-json\/wp\/v2\/product_tag?post=578"}],"curies":[{"name":"wp","href":"https:\/\/api.w.org\/{rel}","templated":true}]}}