{"id":722,"date":"2021-09-03T13:18:30","date_gmt":"2021-09-03T10:18:30","guid":{"rendered":"https:\/\/testlnm.lt\/?post_type=product&#038;p=722"},"modified":"2026-04-17T09:20:56","modified_gmt":"2026-04-17T06:20:56","slug":"jonas-kazimieras-vilcinskis-vilniaus-albumas-jan-kazimierz-wilczynski-the-vilnius-album","status":"publish","type":"product","link":"https:\/\/testlnm.lt\/en\/product\/jonas-kazimieras-vilcinskis-vilniaus-albumas-jan-kazimierz-wilczynski-the-vilnius-album\/","title":{"rendered":"Jonas Kazimieras Vil\u010dinskis. Vilniaus albumas \/ Jan Kazimierz Wilczy\u0144ski. The Vilnius Album"},"content":{"rendered":"<p>The National Museum of Lithuania, celebrating the 700th anniversary of the city of Vilnius, presents to the public one of the most important iconographic sources of 19th-century Lithuanian history and culture \u2013 the painting by Jonas Kazimieras Vil\u010dinskis. <em>Vilniaus album\u0105.<\/em> Tai did\u017eiausia ir \u017einomiausia XIX a. Lietuvos grafikos kolekcija.<\/p>\n<p>This book is based on the collection of the National Museum of Lithuania, supplemented by sheets kept in other Lithuanian museums, libraries and private collections, as well as exhibits from the National Museums of Warsaw and Krakow, and copies from the National Library of Warsaw. The book is prepared as a scientific catalog-album, with priority given to the publication of images. The images in the book are divided into six main themes: architectural landscapes, church art, historical events, illustrations of literary and musical works, portraits, and historical monuments.<\/p>\n<p>Book languages: Lithuanian and English.<\/p>","protected":false},"excerpt":{"rendered":"<p>Jonas Kazimieras Vil\u010dinskis. Vilniaus albumas \/ Jan Kazimierz Wilczy\u0144ski. The Vilnius Album<\/p>\n<p>Vilnius, 2021. 464 p., Lithuanian, English, ISBN 978-609-478-050-9<\/p>\n<p>The publication was compiled by Diana Streikuvien\u0117. Artist Vida Kurait\u0117, editor Nijol\u0117 Deveikien\u0117, translator Au\u0161ra Simanavi\u010di\u016bt\u0117<\/p>","protected":false},"featured_media":740,"template":"","meta":{"_acf_changed":false,"inline_featured_image":false},"product_brand":[],"product_cat":[23,19,183,74],"product_tag":[],"class_list":{"0":"post-722","1":"product","2":"type-product","3":"status-publish","4":"has-post-thumbnail","6":"product_cat-istorija","7":"product_cat-leidiniai","8":"product_cat-leidiniai-anglu-kalba","9":"product_cat-menas-architektura","11":"first","12":"instock","13":"taxable","14":"shipping-taxable","15":"purchasable","16":"product-type-simple"},"acf":[],"_links":{"self":[{"href":"https:\/\/testlnm.lt\/en\/wp-json\/wp\/v2\/product\/722","targetHints":{"allow":["GET"]}}],"collection":[{"href":"https:\/\/testlnm.lt\/en\/wp-json\/wp\/v2\/product"}],"about":[{"href":"https:\/\/testlnm.lt\/en\/wp-json\/wp\/v2\/types\/product"}],"wp:featuredmedia":[{"embeddable":true,"href":"https:\/\/testlnm.lt\/en\/wp-json\/wp\/v2\/media\/740"}],"wp:attachment":[{"href":"https:\/\/testlnm.lt\/en\/wp-json\/wp\/v2\/media?parent=722"}],"wp:term":[{"taxonomy":"product_brand","embeddable":true,"href":"https:\/\/testlnm.lt\/en\/wp-json\/wp\/v2\/product_brand?post=722"},{"taxonomy":"product_cat","embeddable":true,"href":"https:\/\/testlnm.lt\/en\/wp-json\/wp\/v2\/product_cat?post=722"},{"taxonomy":"product_tag","embeddable":true,"href":"https:\/\/testlnm.lt\/en\/wp-json\/wp\/v2\/product_tag?post=722"}],"curies":[{"name":"wp","href":"https:\/\/api.w.org\/{rel}","templated":true}]}}