{"id":788,"date":"2021-09-02T18:07:43","date_gmt":"2021-09-02T15:07:43","guid":{"rendered":"https:\/\/testlnm.lt\/?post_type=product&#038;p=788"},"modified":"2026-04-01T11:44:38","modified_gmt":"2026-04-01T08:44:38","slug":"primityvioji-tapyba-penktoji-respublikine-konkursine-paroda-monikos-biciunienes-premijai-laimeti","status":"publish","type":"product","link":"https:\/\/testlnm.lt\/en\/product\/primityvioji-tapyba-penktoji-respublikine-konkursine-paroda-monikos-biciunienes-premijai-laimeti\/","title":{"rendered":"Primitive Painting: The Fifth National Competitive Exhibition for the Monika Bi\u010di\u016bnien\u0117 Award"},"content":{"rendered":"<p>The catalogue introduces the participants of the Fifth National Primitive Painting Competitive Exhibition for the Monika Bi\u010di\u016bnien\u0117 Award and the paintings exhibited.<\/p>","protected":false},"excerpt":{"rendered":"<p>Primitive painting<br \/>\nThe fifth national competitive exhibition for<br \/>\nthe Monika Bi\u010di\u016bnien\u0117 award<\/p>\n<p>Vilnius, 2020, ISBN 978-609-478-046-2<\/p>\n<p>Project manager: Ramut\u0117 Kraujalien\u0117; Compiler: Edita Prelgauskien\u0117; Photographer: Gediminas Tre\u010diokas;<br \/>\nEditor: Maryt\u0117 Slu\u0161inskait\u0117; Translator: Monika Kisliakovait\u0117-\u010caplikien\u0117; Layout designer: Edita Gu\u017eait\u0117.<\/p>","protected":false},"featured_media":789,"template":"","meta":{"_acf_changed":false,"inline_featured_image":false},"product_brand":[],"product_cat":[19,74,72],"product_tag":[86,84],"class_list":{"0":"post-788","1":"product","2":"type-product","3":"status-publish","4":"has-post-thumbnail","6":"product_cat-leidiniai","7":"product_cat-menas-architektura","8":"product_cat-parodu-katalogai-ir-kspoziciju-vadovai","9":"product_tag-menas","10":"product_tag-parodu-katalogai","12":"first","13":"instock","14":"taxable","15":"shipping-taxable","16":"purchasable","17":"product-type-simple"},"acf":[],"_links":{"self":[{"href":"https:\/\/testlnm.lt\/en\/wp-json\/wp\/v2\/product\/788","targetHints":{"allow":["GET"]}}],"collection":[{"href":"https:\/\/testlnm.lt\/en\/wp-json\/wp\/v2\/product"}],"about":[{"href":"https:\/\/testlnm.lt\/en\/wp-json\/wp\/v2\/types\/product"}],"wp:featuredmedia":[{"embeddable":true,"href":"https:\/\/testlnm.lt\/en\/wp-json\/wp\/v2\/media\/789"}],"wp:attachment":[{"href":"https:\/\/testlnm.lt\/en\/wp-json\/wp\/v2\/media?parent=788"}],"wp:term":[{"taxonomy":"product_brand","embeddable":true,"href":"https:\/\/testlnm.lt\/en\/wp-json\/wp\/v2\/product_brand?post=788"},{"taxonomy":"product_cat","embeddable":true,"href":"https:\/\/testlnm.lt\/en\/wp-json\/wp\/v2\/product_cat?post=788"},{"taxonomy":"product_tag","embeddable":true,"href":"https:\/\/testlnm.lt\/en\/wp-json\/wp\/v2\/product_tag?post=788"}],"curies":[{"name":"wp","href":"https:\/\/api.w.org\/{rel}","templated":true}]}}